{"id":16200,"date":"2017-07-10T10:40:57","date_gmt":"2017-07-10T08:40:57","guid":{"rendered":"https:\/\/intellident.ch\/index\/kontakte\/"},"modified":"2024-03-12T14:46:02","modified_gmt":"2024-03-12T13:46:02","slug":"kontakte","status":"publish","type":"page","link":"https:\/\/www.intellident.ch\/index\/de\/kontakte\/","title":{"rendered":"Kontakte"},"content":{"rendered":"<p>[et_pb_section fb_built=&#8220;1&#8243; fullwidth=&#8220;on&#8220; _builder_version=&#8220;4.16&#8243; global_colors_info=&#8220;{}&#8220;][et_pb_fullwidth_map address=&#8220;Via Cantonale 34, 6983 Magliaso, Svizzera&#8220; zoom_level=&#8220;15&#8243; address_lat=&#8220;45.9839206441177&#8243; address_lng=&#8220;8.887720769311501&#8243; admin_label=&#8220;Fullwidth Map&#8220; _builder_version=&#8220;4.16&#8243; global_colors_info=&#8220;{}&#8220;][et_pb_map_pin title=&#8220;Headquarters&#8220; pin_address=&#8220;Via Cantonale 34, 6983 Magliaso, Svizzera&#8220; pin_address_lat=&#8220;45.9836278&#8243; pin_address_lng=&#8220;8.887806599999976&#8243; _builder_version=&#8220;3.0.47&#8243; global_colors_info=&#8220;{}&#8220; hover_enabled=&#8220;0&#8243; sticky_enabled=&#8220;0&#8243;]Intellident Studio Dentistico<br \/>\n[\/et_pb_map_pin][\/et_pb_fullwidth_map][\/et_pb_section][et_pb_section fb_built=&#8220;1&#8243; custom_padding_last_edited=&#8220;on|desktop&#8220; _builder_version=&#8220;4.16&#8243; custom_padding=&#8220;80px||-200px|&#8220; custom_padding_tablet=&#8220;&#8220; custom_padding_phone=&#8220;25px||-50px|&#8220; global_colors_info=&#8220;{}&#8220;][et_pb_row custom_padding_last_edited=&#8220;on|phone&#8220; _builder_version=&#8220;4.16&#8243; background_size=&#8220;initial&#8220; background_position=&#8220;top_left&#8220; background_repeat=&#8220;repeat&#8220; custom_margin_tablet=&#8220;&#8220; custom_margin_phone=&#8220;&#8220; custom_margin_last_edited=&#8220;on|desktop&#8220; custom_padding=&#8220;25px|0px|0px|0px&#8220; custom_padding_tablet=&#8220;&#8220; custom_padding_phone=&#8220;&#8220; global_colors_info=&#8220;{}&#8220;][et_pb_column type=&#8220;4_4&#8243; _builder_version=&#8220;4.16&#8243; background_position=&#8220;top_left&#8220; custom_padding=&#8220;|||&#8220; global_colors_info=&#8220;{}&#8220; custom_padding__hover=&#8220;|||&#8220;][et_pb_text _builder_version=&#8220;4.16&#8243; text_font_size=&#8220;80&#8243; text_line_height=&#8220;1.2em&#8220; text_orientation=&#8220;center&#8220; module_alignment=&#8220;center&#8220; text_font_size_tablet=&#8220;60&#8243; text_font_size_phone=&#8220;40&#8243; text_font_size_last_edited=&#8220;on|phone&#8220; text_line_height_tablet=&#8220;&#8220; text_line_height_phone=&#8220;&#8220; text_line_height_last_edited=&#8220;on|desktop&#8220; global_colors_info=&#8220;{}&#8220;]WIR SIND F\u00dcR <span style=\"color: #e6673d;\"><strong>DICH DA!<\/strong><\/span><br \/>\n[\/et_pb_text][et_pb_text disabled_on=&#8220;on|on|&#8220; admin_label=&#8220;Testo Desktop&#8220; _builder_version=&#8220;4.16&#8243; text_font_size=&#8220;22&#8243; text_orientation=&#8220;center&#8220; module_alignment=&#8220;center&#8220; text_font_size_tablet=&#8220;&#8220; text_font_size_phone=&#8220;18&#8243; text_font_size_last_edited=&#8220;on|phone&#8220; global_colors_info=&#8220;{}&#8220;]F\u00fcr weitere Informationen z\u00f6gere bitte nicht, uns zu kontaktieren. Unser Personal freut sich, alle deine Fragen raschm\u00f6glichst zu beantworten.<br \/>\n[\/et_pb_text][et_pb_text disabled_on=&#8220;off|off|on&#8220; admin_label=&#8220;Testo Mobile&#8220; _builder_version=&#8220;4.16&#8243; text_font_size=&#8220;22&#8243; text_font_size_tablet=&#8220;&#8220; text_font_size_phone=&#8220;18&#8243; text_font_size_last_edited=&#8220;on|phone&#8220; global_colors_info=&#8220;{}&#8220;]F\u00fcr weitere Informationen z\u00f6gere bitte nicht, uns zu kontaktieren. Unser Personal freut sich, alle deine Fragen raschm\u00f6glichst zu beantworten.<br \/>\n[\/et_pb_text][\/et_pb_column][\/et_pb_row][\/et_pb_section][et_pb_section fb_built=&#8220;1&#8243; custom_padding_last_edited=&#8220;off|desktop&#8220; _builder_version=&#8220;4.16&#8243; custom_padding=&#8220;0px|0px|54px|0px&#8220; global_colors_info=&#8220;{}&#8220;][et_pb_row _builder_version=&#8220;4.24.2&#8243; hover_enabled=&#8220;0&#8243; global_colors_info=&#8220;{}&#8220; column_structure=&#8220;1_2,1_2&#8243; sticky_enabled=&#8220;0&#8243; custom_padding=&#8220;|20px||20px|false|false&#8220;][et_pb_column type=&#8220;1_2&#8243; _builder_version=&#8220;4.16&#8243; background_position=&#8220;top_left&#8220; custom_padding=&#8220;|||&#8220; global_colors_info=&#8220;{}&#8220; custom_padding__hover=&#8220;|||&#8220;][et_pb_blurb title=&#8220;Intellident Studio Dentistico&#8220; use_icon=&#8220;on&#8220; font_icon=&#8220;&#xe0fd;||divi||400&#8243; icon_placement=&#8220;left&#8220; image_icon_width=&#8220;18px&#8220; admin_label=&#8220;Intellident Studio Dentistico&#8220; _builder_version=&#8220;4.16&#8243; header_text_color=&#8220;#e6673d&#8220; body_font_size=&#8220;18&#8243; animation=&#8220;off&#8220; image_max_width=&#8220;none&#8220; icon_font_size=&#8220;18px&#8220; global_colors_info=&#8220;{}&#8220;]<\/p>\n<div><\/div>\n<p>[\/et_pb_blurb][et_pb_blurb use_icon=&#8220;on&#8220; font_icon=&#8220;&#xe081;||divi||400&#8243; icon_placement=&#8220;left&#8220; image_icon_width=&#8220;18px&#8220; _builder_version=&#8220;4.16&#8243; header_text_color=&#8220;#e6673d&#8220; body_font_size=&#8220;18&#8243; custom_margin=&#8220;-25px|||&#8220; animation=&#8220;off&#8220; image_max_width=&#8220;none&#8220; icon_font_size=&#8220;18px&#8220; global_colors_info=&#8220;{}&#8220;]<\/p>\n<div><span class=\"_50f4\">Via Cantonale 34A<\/span><\/div>\n<div><span class=\"_50f4\">Magliasina, Ticino, Switzerland<\/span><\/div>\n<p>[\/et_pb_blurb][et_pb_blurb use_icon=&#8220;on&#8220; font_icon=&#8220;&#xe090;||divi||400&#8243; icon_placement=&#8220;left&#8220; image_icon_width=&#8220;18px&#8220; _builder_version=&#8220;4.16&#8243; header_text_color=&#8220;#e6673d&#8220; body_font_size=&#8220;18&#8243; custom_margin=&#8220;-20px|||&#8220; animation=&#8220;off&#8220; image_max_width=&#8220;none&#8220; icon_font_size=&#8220;18px&#8220; global_colors_info=&#8220;{}&#8220;]+41 91 606 66 33<br \/>\n[\/et_pb_blurb][et_pb_blurb use_icon=&#8220;on&#8220; font_icon=&#8220;&#xe076;||divi||400&#8243; icon_placement=&#8220;left&#8220; image_icon_width=&#8220;18px&#8220; _builder_version=&#8220;4.16&#8243; header_text_color=&#8220;#e6673d&#8220; body_font_size=&#8220;18&#8243; custom_margin=&#8220;-20px|||&#8220; animation=&#8220;off&#8220; border_style=&#8220;solid&#8220; image_max_width=&#8220;none&#8220; icon_font_size=&#8220;18px&#8220; use_circle=&#8220;off&#8220; use_circle_border=&#8220;off&#8220; global_colors_info=&#8220;{}&#8220;]<a href=\"mailto:studio@intellident.ch\" target=\"_top\" rel=\"noopener\">studio@intellident.ch<\/a><br \/>\n[\/et_pb_blurb][\/et_pb_column][et_pb_column type=&#8220;1_2&#8243; _builder_version=&#8220;4.16&#8243; background_position=&#8220;top_left&#8220; custom_padding=&#8220;|||&#8220; global_colors_info=&#8220;{}&#8220; custom_padding__hover=&#8220;|||&#8220;][et_pb_blurb use_icon=&#8220;on&#8220; font_icon=&#8220;&#xe060;||divi||400&#8243; icon_placement=&#8220;left&#8220; image_icon_width=&#8220;18px&#8220; admin_label=&#8220;Orari&#8220; _builder_version=&#8220;4.16&#8243; header_text_color=&#8220;#e6673d&#8220; body_font_size=&#8220;18&#8243; animation=&#8220;off&#8220; border_style=&#8220;solid&#8220; image_max_width=&#8220;none&#8220; icon_font_size=&#8220;18px&#8220; use_circle=&#8220;off&#8220; use_circle_border=&#8220;off&#8220; global_colors_info=&#8220;{}&#8220;]Ein bis zwei Samstage pro Monat haben wir ge\u00f6ffnet. Bitte kontaktiere uns f\u00fcr Details, oder folge uns auf <a href=\"https:\/\/it-it.facebook.com\/studiointellident\/\" target=\"_blank\" rel=\"noopener\">Facebook<\/a>.<br \/>\n[\/et_pb_blurb][\/et_pb_column][\/et_pb_row][\/et_pb_section]<\/p>\n","protected":false},"excerpt":{"rendered":"<p>Intellident Studio Dentistico WIR SIND F\u00dcR DICH DA! F\u00fcr weitere Informationen z\u00f6gere bitte nicht, uns zu kontaktieren. Unser Personal freut sich, alle deine Fragen raschm\u00f6glichst zu beantworten. F\u00fcr weitere Informationen z\u00f6gere bitte nicht, uns zu kontaktieren. Unser Personal freut sich, alle deine Fragen raschm\u00f6glichst zu beantworten. Via Cantonale 34A Magliasina, Ticino, Switzerland +41 91 606 [&hellip;]<\/p>\n","protected":false},"author":1,"featured_media":0,"parent":0,"menu_order":0,"comment_status":"closed","ping_status":"closed","template":"","meta":{"_et_pb_use_builder":"on","_et_pb_old_content":"","_et_gb_content_width":"","footnotes":""},"class_list":["post-16200","page","type-page","status-publish","hentry"],"_links":{"self":[{"href":"https:\/\/www.intellident.ch\/index\/de\/wp-json\/wp\/v2\/pages\/16200","targetHints":{"allow":["GET"]}}],"collection":[{"href":"https:\/\/www.intellident.ch\/index\/de\/wp-json\/wp\/v2\/pages"}],"about":[{"href":"https:\/\/www.intellident.ch\/index\/de\/wp-json\/wp\/v2\/types\/page"}],"author":[{"embeddable":true,"href":"https:\/\/www.intellident.ch\/index\/de\/wp-json\/wp\/v2\/users\/1"}],"replies":[{"embeddable":true,"href":"https:\/\/www.intellident.ch\/index\/de\/wp-json\/wp\/v2\/comments?post=16200"}],"version-history":[{"count":5,"href":"https:\/\/www.intellident.ch\/index\/de\/wp-json\/wp\/v2\/pages\/16200\/revisions"}],"predecessor-version":[{"id":16205,"href":"https:\/\/www.intellident.ch\/index\/de\/wp-json\/wp\/v2\/pages\/16200\/revisions\/16205"}],"wp:attachment":[{"href":"https:\/\/www.intellident.ch\/index\/de\/wp-json\/wp\/v2\/media?parent=16200"}],"curies":[{"name":"wp","href":"https:\/\/api.w.org\/{rel}","templated":true}]}}